{"id":425,"date":"2022-04-07T11:28:55","date_gmt":"2022-04-07T09:28:55","guid":{"rendered":"https:\/\/dhc-solvent.de\/?page_id=425"},"modified":"2022-06-08T08:46:09","modified_gmt":"2022-06-08T06:46:09","slug":"unternehmen","status":"publish","type":"page","link":"https:\/\/dhc-solvent.de\/en\/","title":{"rendered":"Unternehmen"},"content":{"rendered":"<div class=\"wp-block-image\">\n<figure class=\"aligncenter size-large\"><img loading=\"lazy\" decoding=\"async\" width=\"1024\" height=\"439\" src=\"https:\/\/dhc-solvent.de\/wp-content\/uploads\/2022\/06\/Startseite-DHC-SOLVENT-CHEMIE-GMBH-1024x439.jpg\" alt=\"\" class=\"wp-image-1501\" srcset=\"https:\/\/dhc-solvent.de\/wp-content\/uploads\/2022\/06\/Startseite-DHC-SOLVENT-CHEMIE-GMBH-1024x439.jpg 1024w, https:\/\/dhc-solvent.de\/wp-content\/uploads\/2022\/06\/Startseite-DHC-SOLVENT-CHEMIE-GMBH-300x129.jpg 300w, https:\/\/dhc-solvent.de\/wp-content\/uploads\/2022\/06\/Startseite-DHC-SOLVENT-CHEMIE-GMBH-768x329.jpg 768w, https:\/\/dhc-solvent.de\/wp-content\/uploads\/2022\/06\/Startseite-DHC-SOLVENT-CHEMIE-GMBH-18x8.jpg 18w, https:\/\/dhc-solvent.de\/wp-content\/uploads\/2022\/06\/Startseite-DHC-SOLVENT-CHEMIE-GMBH.jpg 1400w\" sizes=\"auto, (max-width: 1024px) 100vw, 1024px\" \/><\/figure>\n<\/div>\n\n\n<div class=\"wp-block-columns is-layout-flex wp-container-core-columns-is-layout-9d6595d7 wp-block-columns-is-layout-flex\">\n<div class=\"wp-block-column has-white-background-color has-text-color has-background has-link-color wp-elements-3050ae92341f68adfe518fef80977b62 is-layout-flow wp-block-column-is-layout-flow\" style=\"color:#000000;padding-top:2em;padding-right:2em;padding-bottom:2em;padding-left:2em\">\n<h2 class=\"has-text-color wp-block-heading\" id=\"single\" style=\"color:#14903a\">DHC SOLVENT CHEMIE GMBH.<\/h2>\n\n\n\n<p class=\"has-normal-font-size\" style=\"line-height:1.5\">DHC Solvent Chemie GmbH is one of Europe\u2019s leading manufacturers of specialised solvent products made of mineral oil. We stand out with our fifty years of experience with products made of hydrocarbon compounds. We supply the entire chemical industry\u2013from multinational companies to specialised local manufacturers. Our declared goal is supreme customer satisfaction. <br><br>You will find our custom-made formulas and commodities in the most diverse industrial applications. We are committed to precision, safety, health and environmental protection during the manufacturing and storage processes. As a subsidiary of BP Europa SE, we have a strong partner on our side.<\/p>\n<\/div>\n<\/div>\n\n\n\n<div class=\"wp-block-columns is-layout-flex wp-container-core-columns-is-layout-9d6595d7 wp-block-columns-is-layout-flex\"><\/div>","protected":false},"excerpt":{"rendered":"<p>DIE DHC SOLVENT CHEMIE GmbH. Die DHC Solvent Chemie GmbH geh\u00f6rt zu den europaweit f\u00fchrenden Produzenten von L\u00f6semittel-Spezialit\u00e4ten aus Mineral\u00f6l. \u00dcber 50 Jahre Erfahrung mit Produkten aus Kohlenwasserstoffverbindungen zeichnen uns aus. Wir beliefern die gesamte chemische Industrie \u2013 vom Multinational bis zu lokalen Spezialproduzenten. H\u00f6chste Kundenzufriedenheit ist unser erkl\u00e4rtes Ziel. Unsere ma\u00dfgefertigten Formulierungen und Commodities [&hellip;]<\/p>","protected":false},"author":4,"featured_media":0,"parent":0,"menu_order":0,"comment_status":"closed","ping_status":"closed","template":"page-templates\/left-sidebar.php","meta":{"inline_featured_image":false,"_citadela_hide_page_title":"1","_citadela_remove_header_space":"","_citadela_custom_class":"","_citadela_half_map_provider":"","_citadela_half_map_theme":"","_citadela_half_map_themeOSM":"","_citadela_half_map_customTheme":"","_citadela_half_map_dataType":"","_citadela_half_map_dynamicTrack":false,"_citadela_half_map_trackColor":"","_citadela_half_map_trackEndpointsColor":"","_citadela_half_map_filterCategory":"","_citadela_half_map_filterLocation":"","_citadela_half_map_filterFeatured":false,"_citadela_half_map_noDataBehavior":"empty-map","_citadela_half_map_noDataText":"","_citadela_half_map_clusterGridSize":80,"_citadela_header":false,"_citadela_header_over_content":false,"_citadela_header_text_color":"","_citadela_header_logo":[],"_citadela_header_bg_image":[],"_citadela_header_bg_position":{"x":0.5,"y":0.5},"_citadela_header_bg_size":"cover","_citadela_header_bg_repeat":"no-repeat","_citadela_header_bg_fixed":false,"_citadela_header_bg_color":"","_citadela_header_bg_image_overlay":"","_citadela_header_transparent_bg":false,"_citadela_content_width":"","_citadela_half_layout_position":"","footnotes":""},"class_list":["post-425","page","type-page","status-publish","hentry"],"_links":{"self":[{"href":"https:\/\/dhc-solvent.de\/en\/wp-json\/wp\/v2\/pages\/425","targetHints":{"allow":["GET"]}}],"collection":[{"href":"https:\/\/dhc-solvent.de\/en\/wp-json\/wp\/v2\/pages"}],"about":[{"href":"https:\/\/dhc-solvent.de\/en\/wp-json\/wp\/v2\/types\/page"}],"author":[{"embeddable":true,"href":"https:\/\/dhc-solvent.de\/en\/wp-json\/wp\/v2\/users\/4"}],"replies":[{"embeddable":true,"href":"https:\/\/dhc-solvent.de\/en\/wp-json\/wp\/v2\/comments?post=425"}],"version-history":[{"count":22,"href":"https:\/\/dhc-solvent.de\/en\/wp-json\/wp\/v2\/pages\/425\/revisions"}],"predecessor-version":[{"id":1503,"href":"https:\/\/dhc-solvent.de\/en\/wp-json\/wp\/v2\/pages\/425\/revisions\/1503"}],"wp:attachment":[{"href":"https:\/\/dhc-solvent.de\/en\/wp-json\/wp\/v2\/media?parent=425"}],"curies":[{"name":"wp","href":"https:\/\/api.w.org\/{rel}","templated":true}]}}