{"id":482,"date":"2022-04-07T12:18:29","date_gmt":"2022-04-07T10:18:29","guid":{"rendered":"https:\/\/dhc-solvent.de\/?page_id=482"},"modified":"2024-05-10T02:52:05","modified_gmt":"2024-05-10T00:52:05","slug":"download","status":"publish","type":"page","link":"https:\/\/dhc-solvent.de\/en\/download\/","title":{"rendered":"Download"},"content":{"rendered":"<div class=\"wp-block-columns is-layout-flex wp-container-core-columns-is-layout-9d6595d7 wp-block-columns-is-layout-flex\">\n<div class=\"wp-block-column is-layout-flow wp-block-column-is-layout-flow\" style=\"flex-basis:33.33%\">\n<figure class=\"wp-block-image size-full\"><img loading=\"lazy\" decoding=\"async\" width=\"424\" height=\"600\" src=\"https:\/\/dhc-solvent.de\/wp-content\/uploads\/2022\/06\/Zertifikat-ISO-OHSAS_DHC-1.jpg\" alt=\"\" class=\"wp-image-1554\" srcset=\"https:\/\/dhc-solvent.de\/wp-content\/uploads\/2022\/06\/Zertifikat-ISO-OHSAS_DHC-1.jpg 424w, https:\/\/dhc-solvent.de\/wp-content\/uploads\/2022\/06\/Zertifikat-ISO-OHSAS_DHC-1-212x300.jpg 212w, https:\/\/dhc-solvent.de\/wp-content\/uploads\/2022\/06\/Zertifikat-ISO-OHSAS_DHC-1-8x12.jpg 8w\" sizes=\"auto, (max-width: 424px) 100vw, 424px\" \/><\/figure>\n<\/div>\n\n\n\n<div class=\"wp-block-column is-layout-flow wp-block-column-is-layout-flow\" style=\"flex-basis:66.66%\">\n<h2 class=\"wp-block-heading has-text-color\" style=\"color:#14903a\">DOWNLOAD.<\/h2>\n\n\n\n<div style=\"height:5px\" aria-hidden=\"true\" class=\"wp-block-spacer\"><\/div>\n\n\n\n<h4 class=\"wp-block-heading\">Zertifikate<\/h4>\n\n\n\n<ul class=\"wp-block-list\">\n<li><a href=\"https:\/\/dhc-solvent.de\/downloads\/DHC_QM-Zertifikat_2023_EN.pdf\" data-type=\"URL\" data-id=\"http:\/\/dhc-solvent.de\/wp-content\/uploads\/2022\/04\/DHC_QM-Zertifikat_2020_DE.pdf\" target=\"_blank\" rel=\"noreferrer noopener\">Certificate ISO 9001, 14001, 45001, 50001 (english)<\/a><\/li>\n\n\n\n<li><a href=\"https:\/\/dhc-solvent.de\/downloads\/DHC_QM-Zertifikat_2023_EN.pdf\" data-type=\"URL\" data-id=\"http:\/\/dhc-solvent.de\/wp-content\/uploads\/2022\/04\/DHC_QM-Zertifikat_2020_EN.pdf\" target=\"_blank\" rel=\"noreferrer noopener\">Certificate ISO 9001, 14001, 45001, 50001 (german)<\/a><\/li>\n<\/ul>\n\n\n\n<h4 class=\"wp-block-heading\">General terms &amp; conditions<\/h4>\n\n\n\n<ul class=\"wp-block-list\">\n<li><a href=\"https:\/\/dhc-solvent.de\/downloads\/DHC-AGB-Aug22.pdf\" target=\"_blank\" rel=\"noreferrer noopener\">DHC GTC status August 2022<\/a><\/li>\n<\/ul>\n\n\n\n<h4 class=\"wp-block-heading\">Informationen f\u00fcr die Nachbarn und \u00d6ffentlichkeit nach 12. BImSchV<\/h4>\n\n\n\n<ul class=\"wp-block-list\">\n<li><a href=\"https:\/\/dhc-solvent.de\/downloads\/informationen-fuer-die-nachbarn.pdf\" target=\"_blank\" rel=\"noreferrer noopener\">Informationen f\u00fcr die Nachbarn<\/a><\/li>\n<\/ul>\n<\/div>\n<\/div>\n\n\n\n<div style=\"height:100px\" aria-hidden=\"true\" class=\"wp-block-spacer\"><\/div>","protected":false},"excerpt":{"rendered":"<p>DOWNLOAD. Zertifikate Allgemeine Gesch\u00e4ftsbedingungen Informationen f\u00fcr die Nachbarn und \u00d6ffentlichkeit nach 12. BImSchV<\/p>","protected":false},"author":4,"featured_media":0,"parent":0,"menu_order":0,"comment_status":"closed","ping_status":"closed","template":"","meta":{"inline_featured_image":false,"_citadela_hide_page_title":"1","_citadela_remove_header_space":"","_citadela_custom_class":"","_citadela_half_map_provider":"","_citadela_half_map_theme":"","_citadela_half_map_themeOSM":"","_citadela_half_map_customTheme":"","_citadela_half_map_dataType":"","_citadela_half_map_dynamicTrack":false,"_citadela_half_map_trackColor":"","_citadela_half_map_trackEndpointsColor":"","_citadela_half_map_filterCategory":"","_citadela_half_map_filterLocation":"","_citadela_half_map_filterFeatured":false,"_citadela_half_map_noDataBehavior":"empty-map","_citadela_half_map_noDataText":"","_citadela_half_map_clusterGridSize":80,"_citadela_header":false,"_citadela_header_over_content":false,"_citadela_header_text_color":"","_citadela_header_logo":[],"_citadela_header_bg_image":[],"_citadela_header_bg_position":{"x":0.5,"y":0.5},"_citadela_header_bg_size":"cover","_citadela_header_bg_repeat":"no-repeat","_citadela_header_bg_fixed":false,"_citadela_header_bg_color":"","_citadela_header_bg_image_overlay":"","_citadela_header_transparent_bg":false,"_citadela_content_width":"","_citadela_half_layout_position":"","footnotes":""},"class_list":["post-482","page","type-page","status-publish","hentry"],"_links":{"self":[{"href":"https:\/\/dhc-solvent.de\/en\/wp-json\/wp\/v2\/pages\/482","targetHints":{"allow":["GET"]}}],"collection":[{"href":"https:\/\/dhc-solvent.de\/en\/wp-json\/wp\/v2\/pages"}],"about":[{"href":"https:\/\/dhc-solvent.de\/en\/wp-json\/wp\/v2\/types\/page"}],"author":[{"embeddable":true,"href":"https:\/\/dhc-solvent.de\/en\/wp-json\/wp\/v2\/users\/4"}],"replies":[{"embeddable":true,"href":"https:\/\/dhc-solvent.de\/en\/wp-json\/wp\/v2\/comments?post=482"}],"version-history":[{"count":28,"href":"https:\/\/dhc-solvent.de\/en\/wp-json\/wp\/v2\/pages\/482\/revisions"}],"predecessor-version":[{"id":1742,"href":"https:\/\/dhc-solvent.de\/en\/wp-json\/wp\/v2\/pages\/482\/revisions\/1742"}],"wp:attachment":[{"href":"https:\/\/dhc-solvent.de\/en\/wp-json\/wp\/v2\/media?parent=482"}],"curies":[{"name":"wp","href":"https:\/\/api.w.org\/{rel}","templated":true}]}}