{"id":532,"date":"2022-04-07T14:17:36","date_gmt":"2022-04-07T12:17:36","guid":{"rendered":"https:\/\/dhc-solvent.de\/?page_id=532"},"modified":"2024-04-24T06:43:45","modified_gmt":"2024-04-24T04:43:45","slug":"special-boiling-point-products","status":"publish","type":"page","link":"https:\/\/dhc-solvent.de\/en\/special-boiling-point-products\/","title":{"rendered":"Special boiling point products"},"content":{"rendered":"<div class=\"wp-block-columns alignwide is-layout-flex wp-container-core-columns-is-layout-9d6595d7 wp-block-columns-is-layout-flex\">\n<div class=\"wp-block-column is-layout-flow wp-block-column-is-layout-flow\" style=\"flex-basis:33.33%\">\n<h2 class=\"wp-block-heading has-text-color\" style=\"color:#14903a\">Products<\/h2>\n\n\n<nav class=\"is-responsive wp-block-navigation is-layout-flex wp-block-navigation-is-layout-flex\" aria-label=\"Produkte DE Hochreine Substanzen\" \n\t\t data-wp-interactive=\"core\/navigation\" data-wp-context='{\"overlayOpenedBy\":{\"click\":false,\"hover\":false,\"focus\":false},\"type\":\"overlay\",\"roleAttribute\":\"\",\"ariaLabel\":\"Menu\"}'><button aria-haspopup=\"dialog\" aria-label=\"Open menu\" class=\"wp-block-navigation__responsive-container-open\" \n\t\t\t\tdata-wp-on--click=\"actions.openMenuOnClick\"\n\t\t\t\tdata-wp-on--keydown=\"actions.handleMenuKeydown\"\n\t\t\t><svg width=\"24\" height=\"24\" xmlns=\"http:\/\/www.w3.org\/2000\/svg\" viewbox=\"0 0 24 24\" aria-hidden=\"true\" focusable=\"false\"><path d=\"M4 7.5h16v1.5H4z\"><\/path><path d=\"M4 15h16v1.5H4z\"><\/path><\/svg><\/button>\n\t\t\t\t<div class=\"wp-block-navigation__responsive-container\"  id=\"modal-1\" \n\t\t\t\tdata-wp-class--has-modal-open=\"state.isMenuOpen\"\n\t\t\t\tdata-wp-class--is-menu-open=\"state.isMenuOpen\"\n\t\t\t\tdata-wp-watch=\"callbacks.initMenu\"\n\t\t\t\tdata-wp-on--keydown=\"actions.handleMenuKeydown\"\n\t\t\t\tdata-wp-on--focusout=\"actions.handleMenuFocusout\"\n\t\t\t\ttabindex=\"-1\"\n\t\t\t>\n\t\t\t\t\t<div class=\"wp-block-navigation__responsive-close\" tabindex=\"-1\">\n\t\t\t\t\t\t<div class=\"wp-block-navigation__responsive-dialog\" \n\t\t\t\tdata-wp-bind--aria-modal=\"state.ariaModal\"\n\t\t\t\tdata-wp-bind--aria-label=\"state.ariaLabel\"\n\t\t\t\tdata-wp-bind--role=\"state.roleAttribute\"\n\t\t\t>\n\t\t\t\t\t\t\t<button aria-label=\"Close menu\" class=\"wp-block-navigation__responsive-container-close\" \n\t\t\t\tdata-wp-on--click=\"actions.closeMenuOnClick\"\n\t\t\t><svg xmlns=\"http:\/\/www.w3.org\/2000\/svg\" viewbox=\"0 0 24 24\" width=\"24\" height=\"24\" aria-hidden=\"true\" focusable=\"false\"><path d=\"m13.06 12 6.47-6.47-1.06-1.06L12 10.94 5.53 4.47 4.47 5.53 10.94 12l-6.47 6.47 1.06 1.06L12 13.06l6.47 6.47 1.06-1.06L13.06 12Z\"><\/path><\/svg><\/button>\n\t\t\t\t\t\t\t<div class=\"wp-block-navigation__responsive-container-content\" \n\t\t\t\tdata-wp-watch=\"callbacks.focusFirstElement\"\n\t\t\t id=\"modal-1-content\">\n\t\t\t\t\t\t\t\t<ul class=\"wp-block-navigation__container is-responsive wp-block-navigation\"><li class=\"wp-block-navigation-item wp-block-navigation-link\"><a class=\"wp-block-navigation-item__content\"  href=\"https:\/\/dhc-solvent.de\/en\/high-purity-substances\/\"><span class=\"wp-block-navigation-item__label\">High purity substances<\/span><\/a><\/li><li class=\"wp-block-navigation-item wp-block-navigation-link\"><a class=\"wp-block-navigation-item__content\"  href=\"https:\/\/dhc-solvent.de\/en\/special-boiling-point-products\/\"><span class=\"wp-block-navigation-item__label\">Special boiling point products<\/span><\/a><\/li><li class=\"wp-block-navigation-item wp-block-navigation-link\"><a class=\"wp-block-navigation-item__content\"  href=\"https:\/\/dhc-solvent.de\/en\/white-spirits\/\"><span class=\"wp-block-navigation-item__label\">White spirits<\/span><\/a><\/li><\/ul><ul class=\"wp-block-navigation__container is-responsive wp-block-navigation\"><li class=\"wp-block-navigation-item wp-block-navigation-link\"><a class=\"wp-block-navigation-item__content\"  href=\"https:\/\/dhc-solvent.de\/en\/standard-solvent-naphtha\/\"><span class=\"wp-block-navigation-item__label\">Solvent naphtha<\/span><\/a><\/li><\/ul>\n\t\t\t\t\t\t\t<\/div>\n\t\t\t\t\t\t<\/div>\n\t\t\t\t\t<\/div>\n\t\t\t\t<\/div><\/nav>\n\n\n<div style=\"height:40px\" aria-hidden=\"true\" class=\"wp-block-spacer\"><\/div>\n\n\n\n<h4 class=\"wp-block-heading\">Safety data sheets<\/h4>\n\n\n\n<ul class=\"wp-block-list\">\n<li><a href=\"https:\/\/dhc-solvent.de\/downloads\/DHC_SDS_009_en.pdf\" target=\"_blank\" rel=\"noreferrer noopener\">Iparsol 60 (iso-Hexane)<\/a><\/li>\n\n\n\n<li><a href=\"https:\/\/dhc-solvent.de\/downloads\/DHC_SDS_005_en.pdf\" target=\"_blank\" rel=\"noreferrer noopener\">Iparsol 90 (iso-Heptane)<\/a><\/li>\n\n\n\n<li><a href=\"https:\/\/dhc-solvent.de\/downloads\/DHC_SDS_013_en.pdf\" target=\"_blank\" rel=\"noreferrer noopener\">Heptane BEA<\/a><\/li>\n\n\n\n<li><a href=\"https:\/\/dhc-solvent.de\/downloads\/DHC_SDS_010_en.pdf\" target=\"_blank\" rel=\"noreferrer noopener\">Hexane technical<\/a><\/li>\n\n\n\n<li><a href=\"https:\/\/dhc-solvent.de\/downloads\/DHC_SDS_011_en.pdf\" target=\"_blank\" rel=\"noreferrer noopener\">Special boiling point product 60\/95 EA<\/a><\/li>\n\n\n\n<li><a href=\"https:\/\/dhc-solvent.de\/downloads\/DHC_SDS_012_en.pdf\" target=\"_blank\" rel=\"noreferrer noopener\">Special boiling point product 80\/110 EA<\/a><\/li>\n\n\n\n<li><a href=\"https:\/\/dhc-solvent.de\/downloads\/DHC_SDS_014_en.pdf\" target=\"_blank\" rel=\"noreferrer noopener\">Special boiling point product 100\/120 EA<\/a><\/li>\n\n\n\n<li><a href=\"https:\/\/dhc-solvent.de\/downloads\/DHC_SDS_014_en.pdf\" target=\"_blank\" rel=\"noreferrer noopener\">Special boiling point product 100\/140 EA<\/a><\/li>\n\n\n\n<li><a href=\"https:\/\/dhc-solvent.de\/downloads\/DHC_SDS_011_en.pdf\" target=\"_blank\" rel=\"noreferrer noopener\">Special boiling point product 60\/95 LH naphthenic<\/a><\/li>\n\n\n\n<li><a href=\"https:\/\/dhc-solvent.de\/downloads\/DHC_SDS_037_en.pdf\" target=\"_blank\" rel=\"noreferrer noopener\">Special boiling point product 60\/140\u00a0EA<\/a><\/li>\n\n\n\n<li><a href=\"https:\/\/dhc-solvent.de\/downloads\/DHC_SDS_014_en.pdf\" target=\"_blank\" rel=\"noreferrer noopener\">Special boiling point product 120\/140 EA<\/a><\/li>\n\n\n\n<li><a href=\"https:\/\/dhc-solvent.de\/downloads\/DHC_SDS_014_en.pdf\" target=\"_blank\" rel=\"noreferrer noopener\">Special boiling point product 100\/160 EA<\/a><\/li>\n<\/ul>\n\n\n\n<div style=\"height:40px\" aria-hidden=\"true\" class=\"wp-block-spacer\"><\/div>\n\n\n\n<p><strong><a href=\"https:\/\/dhc-solvent.de\/en\/special-boiling-point-products-safety-data-sheets\/\" data-type=\"URL\" data-id=\"https:\/\/dhc-solvent.de\/spezialbenzine-sicherheitsdatenblaetter\/\">Further information<\/a><\/strong><\/p>\n<\/div>\n\n\n\n<div class=\"wp-block-column is-layout-flow wp-block-column-is-layout-flow\" style=\"flex-basis:66.66%\">\n<h2 class=\"wp-block-heading has-text-color\" style=\"color:#14903a;text-transform:uppercase\">Special boiling point products<\/h2>\n\n\n\n<p><strong>(Boiling range 35\u2013140 \u00b0C)<\/strong><\/p>\n\n\n\n<p>Special boiling point products are mixtures of paraffinic and naphthenic hydrocarbons with a very low aromatic content, typical value &lt; 50 ppm. By using suitable raw materials and hydrogenation processes, we are able to produce these products with only a mild odour. By varying the naphtenic content we can adjust the solvating properties.<\/p>\n\n\n\n<p><strong>Primary applications\/processes:<\/strong><\/p>\n\n\n\n<ul class=\"wp-block-list\">\n<li>Solvents for the printing inks industry<\/li>\n\n\n\n<li>Solvents and thinners for the paints and lacquers industry<\/li>\n\n\n\n<li>Solvents for rapid-drying adhesives<\/li>\n\n\n\n<li>L\u00f6semittel f\u00fcr Klebeb\u00e4nder, Heftpflaster und Kautschuk (z.\u00a0B. Reifen)<\/li>\n\n\n\n<li>Cleaning and degreasing agents<\/li>\n\n\n\n<li>Auxiliaries for textile processing<\/li>\n\n\n\n<li>Extractants for the chemicals, pharmaceuticals, cosmetics and food industries (for the extraction of aromatics, vegetable oils and fats, etc.)<\/li>\n\n\n\n<li>Komponente bei der Herstellung von Impr\u00e4gnierungsmitteln und als Reaktionsmedium (z.\u00a0B. Polymerisation)<\/li>\n<\/ul>\n\n\n\n<h4 class=\"wp-block-heading\">Product attributes<\/h4>\n\n\n\n<table id=\"tablepress-2\" class=\"tablepress tablepress-id-2 has-small-font-size tablepress-responsive\">\n<thead>\n<tr class=\"row-1\">\n\t<th class=\"column-1\">Product<\/th><th class=\"column-2\">Density at 15 \u00baC [g\/cm\u00b3]<\/th><th class=\"column-3\">Boiling range [\u00baC]<\/th><th class=\"column-4\">Aromatics [ppm]<\/th><th class=\"column-5\">Benzene [ppm]<\/th>\n<\/tr>\n<\/thead>\n<tbody class=\"row-striping\">\n<tr class=\"row-2\">\n\t<td class=\"column-1\">Special boiling point product 80\/110 EA<\/td><td class=\"column-2\">0.700\u20130.715<\/td><td class=\"column-3\">80\u2013113<\/td><td class=\"column-4\">\u2264 200<\/td><td class=\"column-5\">\u2264 50<\/td>\n<\/tr>\n<tr class=\"row-3\">\n\t<td class=\"column-1\">Special boiling point product 70\/110 EA<\/td><td class=\"column-2\">0.694\u20130.699<\/td><td class=\"column-3\">70\u2013113<\/td><td class=\"column-4\">\u2264 200<\/td><td class=\"column-5\">\u2264 50<\/td>\n<\/tr>\n<tr class=\"row-4\">\n\t<td class=\"column-1\">Special boiling point product 60\/95 EA naphthenic<\/td><td class=\"column-2\">0.685\u20130.705<\/td><td class=\"column-3\">60\u201398<\/td><td class=\"column-4\">\u2264 100<\/td><td class=\"column-5\">\u2264 50<\/td>\n<\/tr>\n<tr class=\"row-5\">\n\t<td class=\"column-1\">Special boiling point product 60\/95 EA<\/td><td class=\"column-2\">0.675\u20130.690<\/td><td class=\"column-3\">60\u201398<\/td><td class=\"column-4\">\u2264 100<\/td><td class=\"column-5\">\u2264 50<\/td>\n<\/tr>\n<tr class=\"row-6\">\n\t<td class=\"column-1\">Iparsol 90 (iso-Heptane)<\/td><td class=\"column-2\">0.690\u20130.695<\/td><td class=\"column-3\">86\u201393<\/td><td class=\"column-4\">\u2264 50<\/td><td class=\"column-5\">\u2264 10<\/td>\n<\/tr>\n<tr class=\"row-7\">\n\t<td class=\"column-1\">Iparsol 60 (iso-Hexane)<\/td><td class=\"column-2\">0.658\u20130.670<\/td><td class=\"column-3\">53\u201363<\/td><td class=\"column-4\">\u2013<\/td><td class=\"column-5\">\u2264 50<\/td>\n<\/tr>\n<tr class=\"row-8\">\n\t<td class=\"column-1\">Hexane Extraction<\/td><td class=\"column-2\">0.665\u20130.675<\/td><td class=\"column-3\">64\u201370<\/td><td class=\"column-4\">\u2013<\/td><td class=\"column-5\">\u2264 5<\/td>\n<\/tr>\n<tr class=\"row-9\">\n\t<td class=\"column-1\">Hexane tech.<\/td><td class=\"column-2\">0.665\u20130.675<\/td><td class=\"column-3\">64\u201370<\/td><td class=\"column-4\">\u2013<\/td><td class=\"column-5\">\u2264 50<\/td>\n<\/tr>\n<tr class=\"row-10\">\n\t<td class=\"column-1\">Hexane Polymerisation<\/td><td class=\"column-2\">0.665\u20130.675<\/td><td class=\"column-3\">65\u201370<\/td><td class=\"column-4\">\u2013<\/td><td class=\"column-5\">\u2264 50<\/td>\n<\/tr>\n<tr class=\"row-11\">\n\t<td class=\"column-1\">Hexane pharm.<\/td><td class=\"column-2\">\u2013<\/td><td class=\"column-3\">\u2013<\/td><td class=\"column-4\">\u2013<\/td><td class=\"column-5\">\u2264 5<\/td>\n<\/tr>\n<tr class=\"row-12\">\n\t<td class=\"column-1\">Hexane PE<\/td><td class=\"column-2\">0.670\u20130.680<\/td><td class=\"column-3\">64.5\u201369.5<\/td><td class=\"column-4\">\u2013<\/td><td class=\"column-5\">\u2264 5<\/td>\n<\/tr>\n<tr class=\"row-13\">\n\t<td class=\"column-1\">Heptane B EA<\/td><td class=\"column-2\">0.690\u20130.710<\/td><td class=\"column-3\">92\u201399<\/td><td class=\"column-4\">\u2264 100<\/td><td class=\"column-5\">\u2264 10<\/td>\n<\/tr>\n<\/tbody>\n<\/table>\n<!-- #tablepress-2 from cache -->\n<\/div>\n<\/div>","protected":false},"excerpt":{"rendered":"<p>Produkte Sicherheitsdatenbl\u00e4tter Weitere Informationen zu Spezialbenzinen Spezialbenzine (Siedebereich 35\u2013140 \u00b0C) Spezialbenzine sind Gemische aus paraffinischen und naphthenischen Kohlenwasserstoffen mit sehr geringem Aromatengehalt, Ausfalldaten typischerweise &lt;&nbsp;10 ppm. Durch geeignete Rohstoffe und Hydrierverfahren sind diese Produkte mild im Geruch. Die L\u00f6seeigenschaften k\u00f6nnen durch Variation des Naphthengehaltes gezielt eingestellt werden. Hauptanwendungsgebiete\/-verfahren: Produkteigenschaften<\/p>","protected":false},"author":4,"featured_media":0,"parent":0,"menu_order":0,"comment_status":"closed","ping_status":"closed","template":"","meta":{"inline_featured_image":false,"_citadela_hide_page_title":"1","_citadela_remove_header_space":"","_citadela_custom_class":"","_citadela_half_map_provider":"","_citadela_half_map_theme":"","_citadela_half_map_themeOSM":"","_citadela_half_map_customTheme":"","_citadela_half_map_dataType":"","_citadela_half_map_dynamicTrack":false,"_citadela_half_map_trackColor":"","_citadela_half_map_trackEndpointsColor":"","_citadela_half_map_filterCategory":"","_citadela_half_map_filterLocation":"","_citadela_half_map_filterFeatured":false,"_citadela_half_map_noDataBehavior":"empty-map","_citadela_half_map_noDataText":"","_citadela_half_map_clusterGridSize":80,"_citadela_header":false,"_citadela_header_over_content":false,"_citadela_header_text_color":"","_citadela_header_logo":[],"_citadela_header_bg_image":[],"_citadela_header_bg_position":{"x":0.5,"y":0.5},"_citadela_header_bg_size":"cover","_citadela_header_bg_repeat":"no-repeat","_citadela_header_bg_fixed":false,"_citadela_header_bg_color":"","_citadela_header_bg_image_overlay":"","_citadela_header_transparent_bg":false,"_citadela_content_width":"","_citadela_half_layout_position":"","footnotes":""},"class_list":["post-532","page","type-page","status-publish","hentry"],"_links":{"self":[{"href":"https:\/\/dhc-solvent.de\/en\/wp-json\/wp\/v2\/pages\/532","targetHints":{"allow":["GET"]}}],"collection":[{"href":"https:\/\/dhc-solvent.de\/en\/wp-json\/wp\/v2\/pages"}],"about":[{"href":"https:\/\/dhc-solvent.de\/en\/wp-json\/wp\/v2\/types\/page"}],"author":[{"embeddable":true,"href":"https:\/\/dhc-solvent.de\/en\/wp-json\/wp\/v2\/users\/4"}],"replies":[{"embeddable":true,"href":"https:\/\/dhc-solvent.de\/en\/wp-json\/wp\/v2\/comments?post=532"}],"version-history":[{"count":18,"href":"https:\/\/dhc-solvent.de\/en\/wp-json\/wp\/v2\/pages\/532\/revisions"}],"predecessor-version":[{"id":1703,"href":"https:\/\/dhc-solvent.de\/en\/wp-json\/wp\/v2\/pages\/532\/revisions\/1703"}],"wp:attachment":[{"href":"https:\/\/dhc-solvent.de\/en\/wp-json\/wp\/v2\/media?parent=532"}],"curies":[{"name":"wp","href":"https:\/\/api.w.org\/{rel}","templated":true}]}}